{"id":41173,"date":"2026-03-25T20:52:02","date_gmt":"2026-03-25T23:52:02","guid":{"rendered":"https:\/\/puja.viralizze.com.br\/?post_type=product&#038;p=41173"},"modified":"2026-03-27T12:55:42","modified_gmt":"2026-03-27T15:55:42","slug":"produto-13","status":"publish","type":"product","link":"https:\/\/puja.viralizze.com.br\/produto\/produto-13\/","title":{"rendered":"Produto 13"},"content":{"rendered":"","protected":false},"excerpt":{"rendered":"<div>Lorem ipsum sed eu torquent sociosqu metus a accumsan faucibus turpis est, ullamcorper cras turpis curabitur dui nibh tortor morbi ac elit lorem aliquam, bibendum laoreet diam netus ullamcorper vivamus pretium sit malesuada at. sit nunc litora leo luctus consequat litora nostra faucibus lacinia, sagittis porta lectus cras neque vestibulum nostra etiam, feugiat etiam habitasse nullam platea senectus himenaeos cras. dolor aenean gravida varius leo donec ornare luctus gravida fusce, tortor interdum etiam quis fusce pretium ipsum lorem, lacus volutpat per quam purus urna cubilia semper. hac tempor porta conubia donec lorem, in nulla hac nisl.<\/div>\n<div id=\"simple-translate\" class=\"simple-translate-system-theme\">\n<div>\n<div class=\"simple-translate-button \" style=\"background-image: url('chrome-extension:\/\/ibplnjkanclpjokhdolnendpplpjiace\/icons\/512.png'); height: 22px; width: 22px; top: 10px; left: 10px;\"><\/div>\n<div class=\"simple-translate-panel isShow\" style=\"width: 300px; height: 128px; top: 71px; left: 503.883px; font-size: 13px;\">\n<div class=\"simple-translate-result-wrapper\" style=\"overflow: hidden;\">\n<div class=\"simple-translate-move\" draggable=\"true\"><\/div>\n<div class=\"simple-translate-result-contents\">\n<p class=\"simple-translate-result\" dir=\"auto\">Sagittis port\u00e3o cama amanh\u00e3 nem nosso vest\u00edbulo mesmo, feugiat at\u00e9 morava em nenhuma rua senectus hymenaeos amanh\u00e3. A dor da gestante foi diferente at\u00e9 que o luto da gestante se esgotou<\/p>\n<p class=\"simple-translate-candidate\" dir=\"auto\">\n<\/div>\n<\/div>\n<\/div>\n<\/div>\n<\/div>\n","protected":false},"featured_media":41208,"comment_status":"closed","ping_status":"closed","template":"","meta":[],"product_brand":[],"product_cat":[334],"product_tag":[],"class_list":{"0":"post-41173","1":"product","2":"type-product","3":"status-publish","4":"has-post-thumbnail","6":"product_cat-barras","8":"first","9":"instock","10":"sale","11":"taxable","12":"shipping-taxable","13":"purchasable","14":"product-type-simple"},"_links":{"self":[{"href":"https:\/\/puja.viralizze.com.br\/wp-json\/wp\/v2\/product\/41173","targetHints":{"allow":["GET"]}}],"collection":[{"href":"https:\/\/puja.viralizze.com.br\/wp-json\/wp\/v2\/product"}],"about":[{"href":"https:\/\/puja.viralizze.com.br\/wp-json\/wp\/v2\/types\/product"}],"replies":[{"embeddable":true,"href":"https:\/\/puja.viralizze.com.br\/wp-json\/wp\/v2\/comments?post=41173"}],"version-history":[{"count":2,"href":"https:\/\/puja.viralizze.com.br\/wp-json\/wp\/v2\/product\/41173\/revisions"}],"predecessor-version":[{"id":41471,"href":"https:\/\/puja.viralizze.com.br\/wp-json\/wp\/v2\/product\/41173\/revisions\/41471"}],"wp:featuredmedia":[{"embeddable":true,"href":"https:\/\/puja.viralizze.com.br\/wp-json\/wp\/v2\/media\/41208"}],"wp:attachment":[{"href":"https:\/\/puja.viralizze.com.br\/wp-json\/wp\/v2\/media?parent=41173"}],"wp:term":[{"taxonomy":"product_brand","embeddable":true,"href":"https:\/\/puja.viralizze.com.br\/wp-json\/wp\/v2\/product_brand?post=41173"},{"taxonomy":"product_cat","embeddable":true,"href":"https:\/\/puja.viralizze.com.br\/wp-json\/wp\/v2\/product_cat?post=41173"},{"taxonomy":"product_tag","embeddable":true,"href":"https:\/\/puja.viralizze.com.br\/wp-json\/wp\/v2\/product_tag?post=41173"}],"curies":[{"name":"wp","href":"https:\/\/api.w.org\/{rel}","templated":true}]}}