{"id":41193,"date":"2026-03-25T20:52:39","date_gmt":"2026-03-25T23:52:39","guid":{"rendered":"https:\/\/puja.viralizze.com.br\/?post_type=product&#038;p=41193"},"modified":"2026-04-16T21:03:49","modified_gmt":"2026-04-17T00:03:49","slug":"produto-34","status":"publish","type":"product","link":"https:\/\/puja.viralizze.com.br\/produto\/produto-34\/","title":{"rendered":"Produto 34"},"content":{"rendered":"","protected":false},"excerpt":{"rendered":"<div>Lorem ipsum sed eu torquent sociosqu metus a accumsan faucibus turpis est, ullamcorper cras turpis curabitur dui nibh tortor morbi ac elit lorem aliquam, bibendum laoreet diam netus ullamcorper vivamus pretium sit malesuada at. sit nunc litora leo luctus consequat litora nostra faucibus lacinia, sagittis porta lectus cras neque vestibulum nostra etiam, feugiat etiam habitasse nullam platea senectus himenaeos cras. dolor aenean gravida varius leo donec ornare luctus gravida fusce, tortor interdum etiam quis fusce pretium ipsum lorem, lacus volutpat per quam purus urna cubilia semper. hac tempor porta conubia donec lorem, in nulla hac nisl.<\/div>\n<div id=\"simple-translate\" class=\"simple-translate-system-theme\">\n<div>\n<div class=\"simple-translate-button \" style=\"background-image: url('chrome-extension:\/\/ibplnjkanclpjokhdolnendpplpjiace\/icons\/512.png'); height: 22px; width: 22px; top: 10px; left: 10px;\"><\/div>\n<div class=\"simple-translate-panel isShow\" style=\"width: 300px; height: 200px; top: 10px; left: 529.625px; font-size: 13px;\">\n<div class=\"simple-translate-result-wrapper\" style=\"overflow: auto;\">\n<div class=\"simple-translate-move\" draggable=\"true\"><\/div>\n<div class=\"simple-translate-result-contents\">\n<p class=\"simple-translate-result\" dir=\"auto\">Lorem ipsum sed eu torquent sociosqu medo a accumsan faucibus turpis est, ullamcorper turpis curabitur dui nibh tortor morbi ac elit lorem aliquam, bibendum laoreet diam netus ullamcorper vivamus pretium sit malesuada em deixe agora as costas de Leo luctus consequat nossas costas faucibus lacinia, sagittis porta lectus amanh\u00e3 nem nosso vest\u00edbulo tamb\u00e9m, feugiat tamb\u00e9m n\u00e3o habitava nenhuma rua senectus hymenaeos amanh\u00e3. dor aenean gravida varius leo at\u00e9 adornar triste gravice fruce, tortor \u00e0s vezes at\u00e9 wich frue ipsum lorem lorem, lacus volutt atrav\u00e9s do qual puro leito de urna sempre. Neste momento, a porta do casamento at\u00e9 a Internet n\u00e3o est\u00e1 em ningu\u00e9m.<\/p>\n<p class=\"simple-translate-candidate\" dir=\"auto\">\n<\/div>\n<\/div>\n<\/div>\n<\/div>\n<\/div>\n","protected":false},"featured_media":41229,"comment_status":"closed","ping_status":"closed","template":"","meta":[],"product_brand":[],"product_cat":[338],"product_tag":[],"class_list":{"0":"post-41193","1":"product","2":"type-product","3":"status-publish","4":"has-post-thumbnail","6":"product_cat-kits","8":"first","9":"instock","10":"sale","11":"featured","12":"taxable","13":"shipping-taxable","14":"purchasable","15":"product-type-simple"},"_links":{"self":[{"href":"https:\/\/puja.viralizze.com.br\/wp-json\/wp\/v2\/product\/41193","targetHints":{"allow":["GET"]}}],"collection":[{"href":"https:\/\/puja.viralizze.com.br\/wp-json\/wp\/v2\/product"}],"about":[{"href":"https:\/\/puja.viralizze.com.br\/wp-json\/wp\/v2\/types\/product"}],"replies":[{"embeddable":true,"href":"https:\/\/puja.viralizze.com.br\/wp-json\/wp\/v2\/comments?post=41193"}],"version-history":[{"count":3,"href":"https:\/\/puja.viralizze.com.br\/wp-json\/wp\/v2\/product\/41193\/revisions"}],"predecessor-version":[{"id":41485,"href":"https:\/\/puja.viralizze.com.br\/wp-json\/wp\/v2\/product\/41193\/revisions\/41485"}],"wp:featuredmedia":[{"embeddable":true,"href":"https:\/\/puja.viralizze.com.br\/wp-json\/wp\/v2\/media\/41229"}],"wp:attachment":[{"href":"https:\/\/puja.viralizze.com.br\/wp-json\/wp\/v2\/media?parent=41193"}],"wp:term":[{"taxonomy":"product_brand","embeddable":true,"href":"https:\/\/puja.viralizze.com.br\/wp-json\/wp\/v2\/product_brand?post=41193"},{"taxonomy":"product_cat","embeddable":true,"href":"https:\/\/puja.viralizze.com.br\/wp-json\/wp\/v2\/product_cat?post=41193"},{"taxonomy":"product_tag","embeddable":true,"href":"https:\/\/puja.viralizze.com.br\/wp-json\/wp\/v2\/product_tag?post=41193"}],"curies":[{"name":"wp","href":"https:\/\/api.w.org\/{rel}","templated":true}]}}